{"id":25,"date":"2013-06-15T19:24:56","date_gmt":"2013-06-15T19:24:56","guid":{"rendered":"https:\/\/www.segelschulemarx.de\/?page_id=25"},"modified":"2023-03-19T19:57:45","modified_gmt":"2023-03-19T19:57:45","slug":"segelscheinkurs","status":"publish","type":"page","link":"https:\/\/www.segelschulemarx.de\/index.php\/segelscheinkurs\/","title":{"rendered":"Segelschein\/Kurs"},"content":{"rendered":"<div id=\"attachment_333\" style=\"width: 260px\" class=\"wp-caption alignleft\"><a title=\"Segelschein Binnen Praxis\" href=\"https:\/\/www.segelschulemarx.de\/index.php\/segelscheinkurs\/segelschein-binnen-praxis\/\"><img loading=\"lazy\" decoding=\"async\" aria-describedby=\"caption-attachment-333\" class=\"size-medium wp-image-333 \" src=\"https:\/\/www.segelschulemarx.de\/wp-content\/uploads\/2013\/06\/Segelschein-Praxis-300x300.jpg\" alt=\"Segelschein Praxis\" width=\"250\" height=\"250\" srcset=\"https:\/\/www.segelschulemarx.de\/wp-content\/uploads\/2013\/06\/Segelschein-Praxis-300x300.jpg 300w, https:\/\/www.segelschulemarx.de\/wp-content\/uploads\/2013\/06\/Segelschein-Praxis-150x150.jpg 150w, https:\/\/www.segelschulemarx.de\/wp-content\/uploads\/2013\/06\/Segelschein-Praxis-624x624.jpg 624w, https:\/\/www.segelschulemarx.de\/wp-content\/uploads\/2013\/06\/Segelschein-Praxis.jpg 751w\" sizes=\"auto, (max-width: 250px) 100vw, 250px\" \/><\/a><p id=\"caption-attachment-333\" class=\"wp-caption-text\">Segelschein Praxis<\/p><\/div>\n<div id=\"attachment_334\" style=\"width: 260px\" class=\"wp-caption alignleft\"><a title=\"Segelschein Binnen Theorie\" href=\"https:\/\/www.segelschulemarx.de\/index.php\/segelscheinkurs\/segelschein-binnen-theorie\/\"><img loading=\"lazy\" decoding=\"async\" aria-describedby=\"caption-attachment-334\" class=\"size-medium wp-image-334 \" src=\"https:\/\/www.segelschulemarx.de\/wp-content\/uploads\/2013\/06\/Segelschein-Theorie-300x300.jpg\" alt=\"Segelschein Theorie\" width=\"250\" height=\"250\" srcset=\"https:\/\/www.segelschulemarx.de\/wp-content\/uploads\/2013\/06\/Segelschein-Theorie-300x300.jpg 300w, https:\/\/www.segelschulemarx.de\/wp-content\/uploads\/2013\/06\/Segelschein-Theorie-150x150.jpg 150w, https:\/\/www.segelschulemarx.de\/wp-content\/uploads\/2013\/06\/Segelschein-Theorie-624x624.jpg 624w, https:\/\/www.segelschulemarx.de\/wp-content\/uploads\/2013\/06\/Segelschein-Theorie.jpg 751w\" sizes=\"auto, (max-width: 250px) 100vw, 250px\" \/><\/a><p id=\"caption-attachment-334\" class=\"wp-caption-text\">Segelschein Theorie<\/p><\/div>\n<div style=\"clear: both;\"><\/div>\n<p>Ob Anf\u00e4nger oder Pr\u00fcfungsanw\u00e4rter &#8211; Sie sind in jedem unserer\u00a0<a title=\"Segelschein Binnen Praxis\" href=\"https:\/\/www.segelschulemarx.de\/index.php\/segelscheinkurs\/segelschein-binnen-praxis\/\">Praxiskurse<\/a>\u00a0gut aufgehoben: der Segellehrer kommt mit an Bord und stellt sich auf Ihre Segelkenntnisse ein. Deshalb unterscheiden wir nicht zwischen Grund- und Pr\u00fcfungskursen. An jedem Kurstag sind wir von 09.30 bis 12.00 und 13.30 bis 17.00 auf dem Ammersee und \u00fcben Segelman\u00f6ver &#8211; die &#8222;trockene&#8220; Theorie sparen wir f\u00fcr unsere\u00a0<a title=\"Segelschein Binnen Theorie\" href=\"https:\/\/www.segelschulemarx.de\/index.php\/segelscheinkurs\/segelschein-binnen-theorie\/\">Theoriekurse<\/a>\u00a0auf, die wir das ganze Jahr \u00fcber in Utting, M\u00fcnchen, Augsburg, Gersthofen, Kaufbeuren, Pei\u00dfenberg, Murnau, Germering und an vielen anderen Orten, bei ausreichender Beteiligung (mindestens 5\u00a0Personen), an jedem von Ihnen gew\u00fcnschten Ort, beginnen.<\/p>\n<h1>Segeln ohne Grenzen<\/h1>\n<p>Damit Sie recht bald lernen, auf eigenen &#8222;Seebeinen&#8220; zu stehen, ist Ihr Schulboot auch nach Feierabend noch f\u00fcr Sie da: wenn die Wetterverh\u00e4ltnisse &#8211; und Ihr K\u00f6nnen &#8211; es erlauben, k\u00f6nnen Sie abends noch die eine oder andere Segelstunde anh\u00e4ngen. &#8222;Segeln ohne Grenzen&#8220;, sozusagen.<\/p>\n<h1>Die Praxis-Pr\u00fcfung<\/h1>\n<p>Wenn Sie sich fit f\u00fcr die Binnen-Pr\u00fcfung f\u00fchlen &#8211; etwa zwei Kurse werden daf\u00fcr n\u00f6tig sein &#8211; k\u00f6nnen Sie sich zu einer der wenigstens alle 14\u00a0Tage am Freitagnachmittag stattfindenden Pr\u00fcfungen f\u00fcr den &#8222;Sportbootf\u00fchrerschein mit Geltungsbereich Binnenwasserstra\u00dfen&#8220; (fr\u00fcher A-Schein) anmelden. Daf\u00fcr senden Sie bitte zwei Wochen vor dem Pr\u00fcfungstermin ein biometrisches Passfoto, das \u00e4rztliche Zeugnis (gr\u00fcnes Formular), eine Kopie Ihres Kfz-F\u00fchrerscheins sowie die Pr\u00fcfungsgeb\u00fchr an den jeweiligen Pr\u00fcfungsausschuss. Das Mindestalter f\u00fcr den A-Schein des Deutschen Segler-Verbands (ohne Motor) ist 14\u00a0Jahre, f\u00fcr den Sportbootf\u00fchrerschein Binnen (Segeln und Motor) 16\u00a0Jahre.<\/p>\n<h1>Die Motor-Ausbildung<\/h1>\n<p>Wenn die F\u00fchrerschein-Pr\u00fcfung akut wird, empfehlen wir Ihnen noch eine Motorboot-Ausbildung (\u20ac 80,-) denn nur mit Motor-Teil wird der Schein zum amtlichen F\u00fchrerschein auf Binnengew\u00e4ssern f\u00fcr alle Sportboote unter 20 Meter (auf dem Rhein 15 m) L\u00e4nge. Bei einer Motorleistung von \u00fcber 15 PS \/ 11,03 kW (auf dem Rhein 5 PS \/ 3,68 kW) ist dieser F\u00fchrerschein vorgeschrieben.<\/p>\n<p>F\u00fcr Motorboot-Ausbildung ohne Segeln siehe\u00a0<a title=\"Motorbootschein Binnen\" href=\"https:\/\/www.segelschulemarx.de\/index.php\/motorbootscheinkurs\/motorbootschein-binnen\/\">Motorbootschein\u00a0Binnen<\/a>\u00a0bzw.\u00a0<a title=\"Motorbootschein See\" href=\"https:\/\/www.segelschulemarx.de\/index.php\/motorbootscheinkurs\/motorbootschein-see\/\">Sportbootschein K\u00fcste<\/a>.<\/p>\n","protected":false},"excerpt":{"rendered":"<p>Ob Anf\u00e4nger oder Pr\u00fcfungsanw\u00e4rter &#8211; Sie sind in jedem unserer\u00a0Praxiskurse\u00a0gut aufgehoben: der Segellehrer kommt mit an Bord und stellt sich auf Ihre Segelkenntnisse ein. Deshalb unterscheiden wir nicht zwischen Grund- und Pr\u00fcfungskursen. An jedem Kurstag sind wir von 09.30 bis 12.00 und 13.30 bis 17.00 auf dem Ammersee und \u00fcben Segelman\u00f6ver &#8211; die &#8222;trockene&#8220; Theorie [&hellip;]<\/p>\n","protected":false},"author":1,"featured_media":0,"parent":0,"menu_order":4,"comment_status":"closed","ping_status":"closed","template":"","meta":{"footnotes":""},"class_list":["post-25","page","type-page","status-publish","hentry"],"_links":{"self":[{"href":"https:\/\/www.segelschulemarx.de\/index.php\/wp-json\/wp\/v2\/pages\/25","targetHints":{"allow":["GET"]}}],"collection":[{"href":"https:\/\/www.segelschulemarx.de\/index.php\/wp-json\/wp\/v2\/pages"}],"about":[{"href":"https:\/\/www.segelschulemarx.de\/index.php\/wp-json\/wp\/v2\/types\/page"}],"author":[{"embeddable":true,"href":"https:\/\/www.segelschulemarx.de\/index.php\/wp-json\/wp\/v2\/users\/1"}],"replies":[{"embeddable":true,"href":"https:\/\/www.segelschulemarx.de\/index.php\/wp-json\/wp\/v2\/comments?post=25"}],"version-history":[{"count":0,"href":"https:\/\/www.segelschulemarx.de\/index.php\/wp-json\/wp\/v2\/pages\/25\/revisions"}],"wp:attachment":[{"href":"https:\/\/www.segelschulemarx.de\/index.php\/wp-json\/wp\/v2\/media?parent=25"}],"curies":[{"name":"wp","href":"https:\/\/api.w.org\/{rel}","templated":true}]}}