{"id":27,"date":"2013-06-15T19:25:29","date_gmt":"2013-06-15T19:25:29","guid":{"rendered":"https:\/\/www.segelschulemarx.de\/?page_id=27"},"modified":"2025-02-11T08:52:55","modified_gmt":"2025-02-11T08:52:55","slug":"motorbootscheinkurs","status":"publish","type":"page","link":"https:\/\/www.segelschulemarx.de\/index.php\/motorbootscheinkurs\/","title":{"rendered":"Motorbootschein\/Kurs"},"content":{"rendered":"<div id=\"attachment_331\" style=\"width: 260px\" class=\"wp-caption alignleft\"><a title=\"Motorbootschein Binnen\" href=\"https:\/\/www.segelschulemarx.de\/index.php\/motorbootscheinkurs\/motorbootschein-binnen\/\"><img loading=\"lazy\" decoding=\"async\" aria-describedby=\"caption-attachment-331\" class=\"size-medium wp-image-331\" src=\"https:\/\/www.segelschulemarx.de\/wp-content\/uploads\/2013\/06\/Motorboot-Binnen-300x300.jpg\" alt=\"Motorbootschein Binnen\" width=\"250\" height=\"250\" srcset=\"https:\/\/www.segelschulemarx.de\/wp-content\/uploads\/2013\/06\/Motorboot-Binnen-300x300.jpg 300w, https:\/\/www.segelschulemarx.de\/wp-content\/uploads\/2013\/06\/Motorboot-Binnen-150x150.jpg 150w, https:\/\/www.segelschulemarx.de\/wp-content\/uploads\/2013\/06\/Motorboot-Binnen-624x624.jpg 624w, https:\/\/www.segelschulemarx.de\/wp-content\/uploads\/2013\/06\/Motorboot-Binnen.jpg 755w\" sizes=\"auto, (max-width: 250px) 100vw, 250px\" \/><\/a><p id=\"caption-attachment-331\" class=\"wp-caption-text\">Motorbootschein Binnen<\/p><\/div>\n<div id=\"attachment_330\" style=\"width: 260px\" class=\"wp-caption alignleft\"><a title=\"Motorbootschein See\" href=\"https:\/\/www.segelschulemarx.de\/index.php\/motorbootscheinkurs\/motorbootschein-see\/\"><img loading=\"lazy\" decoding=\"async\" aria-describedby=\"caption-attachment-330\" class=\"size-medium wp-image-330\" src=\"https:\/\/www.segelschulemarx.de\/wp-content\/uploads\/2013\/06\/Motorboot-See-300x300.jpg\" alt=\"Motorbootschein See\" width=\"250\" height=\"250\" srcset=\"https:\/\/www.segelschulemarx.de\/wp-content\/uploads\/2013\/06\/Motorboot-See-300x300.jpg 300w, https:\/\/www.segelschulemarx.de\/wp-content\/uploads\/2013\/06\/Motorboot-See-150x150.jpg 150w, https:\/\/www.segelschulemarx.de\/wp-content\/uploads\/2013\/06\/Motorboot-See-624x624.jpg 624w, https:\/\/www.segelschulemarx.de\/wp-content\/uploads\/2013\/06\/Motorboot-See.jpg 755w\" sizes=\"auto, (max-width: 250px) 100vw, 250px\" \/><\/a><p id=\"caption-attachment-330\" class=\"wp-caption-text\">Motorbootschein See<\/p><\/div>\n<div style=\"clear: both;\"><\/div>\n<p>Wir tun&#8217;s nicht oft:\u00a0MOTORBOOTSCHULE\u00a0gro\u00df schreiben. Dabei bildet die Motorboot-Ausbildung einen wichtigen Schwerpunkt unserer T\u00e4tigkeit. Auch die &#8222;Nur-Segler&#8220; kommen aufgrund der F\u00fchrerscheinvorschriften nicht dran vorbei. Aber auch der &#8211; sehr gro\u00dfe &#8211; Teil unserer Kunden, der ganz gezielt &#8222;Motorboot&#8220; anpeilt, ist bei uns in besten H\u00e4nden.<\/p>\n<p>Dazu tr\u00e4gt auch bei, dass wir die idealen Voraussetzungen f\u00fcr eine erfolgreiche Motorboot-Schulung haben: Nicht nur ein geschlossenes,\u00a0beheizbares\u00a0Motorboot, in dem Sie\u00a0auch bei Minustemperaturen im Pullover\u00a0\u00fcben k\u00f6nnen, sondern auch eine eigene Steganlage, ein eigenes Schulboot und die Genehmigung zur Ausbildung. Eigentlich sollte man all das gar nicht erw\u00e4hnen m\u00fcssen, wie gesagt: eigentlich&#8230;<\/p>\n<p>Dabei ist, gerade hinsichtlich der in letzter Zeit erweiterten Pr\u00fcfungsanforderungen, eine verantwortungsbewusste Schulung ohne all diese Voraussetzungen undenkbar. Zum Pr\u00fcfungsinhalt geh\u00f6rt neben dem An- und Ablegen das Rettungsman\u00f6ver &#8222;Mann-\u00fcber-Bord&#8220;, Wenden auf engem Raum, kursgerechtes Aufstoppen und das Beherrschen der Seemannsknoten. F\u00fcr den K\u00fcstenschein kommt dazu das Anlegen von Rettungsweste und Sicherheitsgurt, das Fahren nach Kompass und die Durchf\u00fchrung von Peilungen<\/p>\n<p><a href=\"https:\/\/youtu.be\/MycYqNT-kyA?si=PmsrzUq31vnCoslF\">Unser Ausbildungsboot<\/a><\/p>\n","protected":false},"excerpt":{"rendered":"<p>Wir tun&#8217;s nicht oft:\u00a0MOTORBOOTSCHULE\u00a0gro\u00df schreiben. Dabei bildet die Motorboot-Ausbildung einen wichtigen Schwerpunkt unserer T\u00e4tigkeit. Auch die &#8222;Nur-Segler&#8220; kommen aufgrund der F\u00fchrerscheinvorschriften nicht dran vorbei. Aber auch der &#8211; sehr gro\u00dfe &#8211; Teil unserer Kunden, der ganz gezielt &#8222;Motorboot&#8220; anpeilt, ist bei uns in besten H\u00e4nden. Dazu tr\u00e4gt auch bei, dass wir die idealen Voraussetzungen f\u00fcr [&hellip;]<\/p>\n","protected":false},"author":1,"featured_media":0,"parent":0,"menu_order":5,"comment_status":"closed","ping_status":"closed","template":"","meta":{"footnotes":""},"class_list":["post-27","page","type-page","status-publish","hentry"],"_links":{"self":[{"href":"https:\/\/www.segelschulemarx.de\/index.php\/wp-json\/wp\/v2\/pages\/27","targetHints":{"allow":["GET"]}}],"collection":[{"href":"https:\/\/www.segelschulemarx.de\/index.php\/wp-json\/wp\/v2\/pages"}],"about":[{"href":"https:\/\/www.segelschulemarx.de\/index.php\/wp-json\/wp\/v2\/types\/page"}],"author":[{"embeddable":true,"href":"https:\/\/www.segelschulemarx.de\/index.php\/wp-json\/wp\/v2\/users\/1"}],"replies":[{"embeddable":true,"href":"https:\/\/www.segelschulemarx.de\/index.php\/wp-json\/wp\/v2\/comments?post=27"}],"version-history":[{"count":0,"href":"https:\/\/www.segelschulemarx.de\/index.php\/wp-json\/wp\/v2\/pages\/27\/revisions"}],"wp:attachment":[{"href":"https:\/\/www.segelschulemarx.de\/index.php\/wp-json\/wp\/v2\/media?parent=27"}],"curies":[{"name":"wp","href":"https:\/\/api.w.org\/{rel}","templated":true}]}}