{"id":32,"date":"2013-06-15T19:26:13","date_gmt":"2013-06-15T19:26:13","guid":{"rendered":"https:\/\/www.segelschulemarx.de\/?page_id=32"},"modified":"2019-02-12T19:51:52","modified_gmt":"2019-02-12T19:51:52","slug":"segeltoerns","status":"publish","type":"page","link":"https:\/\/www.segelschulemarx.de\/index.php\/segeltoerns\/","title":{"rendered":"Segelt\u00f6rns"},"content":{"rendered":"<p><img loading=\"lazy\" decoding=\"async\" class=\"alignnone size-large wp-image-340\" src=\"https:\/\/www.segelschulemarx.de\/wp-content\/uploads\/2013\/06\/Toern-1024x768.jpg\" alt=\"Toern\" width=\"625\" height=\"468\" srcset=\"https:\/\/www.segelschulemarx.de\/wp-content\/uploads\/2013\/06\/Toern-1024x768.jpg 1024w, https:\/\/www.segelschulemarx.de\/wp-content\/uploads\/2013\/06\/Toern-300x224.jpg 300w, https:\/\/www.segelschulemarx.de\/wp-content\/uploads\/2013\/06\/Toern-624x468.jpg 624w, https:\/\/www.segelschulemarx.de\/wp-content\/uploads\/2013\/06\/Toern.jpg 1136w\" sizes=\"auto, (max-width: 625px) 100vw, 625px\" \/>Seit \u00fcber 40 Jahren fester Bestandteil im Programm der Segelschule Marx: Segelspa\u00df auf K\u00fcstent\u00f6rns. In diesem Jahr kreuzen wir mit Ihnen das ganze Jahr \u00fcber auf der Adria, im Oktober in der T\u00fcrkei und im Januar 2020 auf den Seychellen. F\u00fcr Januar 2021 planen wir wieder einen Thailand-T\u00f6rn.\u00a0 Au\u00dferdem verhelfen wir Ihnen zum erstklassigen Charterboot durch Vermittlung und Beratung weltweit. Nutzen Sie unsere langj\u00e4hrige Erfahrung, um zuverl\u00e4ssig zu einer guten und preiswerten Charteryacht zu kommen!<\/p>\n<h2>Adria<\/h2>\n<p>T\u00f6rn-Schwerpunkt ist unser traditionelles Ausbildungsrevier an der Adria: Die Route h\u00e4ngt von T\u00f6rndauer, Wind und Wetter ab: nach S\u00fcden entlang der istrischen K\u00fcste und \u00fcber den Kvarner zu den Inseln Norddalmatiens. Am Ende jedes T\u00f6rns besteht die M\u00f6glichkeit zur praktischen SKS-Pr\u00fcfung. Einige Pluspunkte f\u00fcr unser &#8222;Hausrevier&#8220;: die kurze Anreise, die herrliche, abwechslungsreiche Landschaft und nicht zuletzt die zahlreichen, bestens ausgestatteten Yachth\u00e4fen.<\/p>\n<p><img loading=\"lazy\" decoding=\"async\" src=\"https:\/\/www.segelschulemarx.de\/wp-content\/uploads\/2013\/06\/Sonnenuntergang-1024x768.jpg\" alt=\"Sonnenuntergang\" width=\"625\" height=\"468\" \/><\/p>\n<h2>Adria-Charter<\/h2>\n<p>Nach der SKS-Pr\u00fcfung geht&#8217;s erst richtig los: nur Erfahrung z\u00e4hlt &#8211; und ein vom Ausbildungst\u00f6rn bekanntes Revier erleichtert den Einstieg.<\/p>\n","protected":false},"excerpt":{"rendered":"<p>Seit \u00fcber 40 Jahren fester Bestandteil im Programm der Segelschule Marx: Segelspa\u00df auf K\u00fcstent\u00f6rns. In diesem Jahr kreuzen wir mit Ihnen das ganze Jahr \u00fcber auf der Adria, im Oktober in der T\u00fcrkei und im Januar 2020 auf den Seychellen. F\u00fcr Januar 2021 planen wir wieder einen Thailand-T\u00f6rn.\u00a0 Au\u00dferdem verhelfen wir Ihnen zum erstklassigen Charterboot [&hellip;]<\/p>\n","protected":false},"author":1,"featured_media":0,"parent":0,"menu_order":7,"comment_status":"closed","ping_status":"closed","template":"page-templates\/segeltoerns.php","meta":{"footnotes":""},"class_list":["post-32","page","type-page","status-publish","hentry"],"_links":{"self":[{"href":"https:\/\/www.segelschulemarx.de\/index.php\/wp-json\/wp\/v2\/pages\/32","targetHints":{"allow":["GET"]}}],"collection":[{"href":"https:\/\/www.segelschulemarx.de\/index.php\/wp-json\/wp\/v2\/pages"}],"about":[{"href":"https:\/\/www.segelschulemarx.de\/index.php\/wp-json\/wp\/v2\/types\/page"}],"author":[{"embeddable":true,"href":"https:\/\/www.segelschulemarx.de\/index.php\/wp-json\/wp\/v2\/users\/1"}],"replies":[{"embeddable":true,"href":"https:\/\/www.segelschulemarx.de\/index.php\/wp-json\/wp\/v2\/comments?post=32"}],"version-history":[{"count":0,"href":"https:\/\/www.segelschulemarx.de\/index.php\/wp-json\/wp\/v2\/pages\/32\/revisions"}],"wp:attachment":[{"href":"https:\/\/www.segelschulemarx.de\/index.php\/wp-json\/wp\/v2\/media?parent=32"}],"curies":[{"name":"wp","href":"https:\/\/api.w.org\/{rel}","templated":true}]}}