{"id":46,"date":"2013-06-15T19:28:39","date_gmt":"2013-06-15T19:28:39","guid":{"rendered":"https:\/\/www.segelschulemarx.de\/?page_id=46"},"modified":"2013-07-29T06:19:29","modified_gmt":"2013-07-29T06:19:29","slug":"geschaeftsbedingungen","status":"publish","type":"page","link":"https:\/\/www.segelschulemarx.de\/index.php\/anmeldung\/geschaeftsbedingungen\/","title":{"rendered":"Gesch\u00e4ftbedingungen"},"content":{"rendered":"<p><strong style=\"line-height: 1.714285714; font-size: 1rem;\">Gesch\u00e4ftsbedingungen f\u00fcr Theorie- und Praxiskurse<\/strong><\/p>\n<p>(mit Ausnahme von T\u00f6rns)<br \/>\nAnmerkung: Diese Gesch\u00e4ftsbedingungen gelten sinngem\u00e4\u00df auch f\u00fcr das Internet.<\/p>\n<p>1. Die Anmeldung zur Kursteilnahme erfolgt schriftlich. Sie wird mit dem Eingang bei der Segelschule Marx f\u00fcr den Anmeldenden verbindlich. Dieser erkennt mit der Anmeldung die Gesch\u00e4ftsbedingungen als verbindlich an. Er haftet zudem f\u00fcr die Einhaltung der vertraglichen Verpflichtungen der von ihm angemeldeten weiteren Kursteilnehmer.<\/p>\n<p>2. Die Theorie- und Praxiskursgeb\u00fchr sind jeweils sp\u00e4testens bei der ersten Kursveranstaltung f\u00e4llig. Weder in den Theorie- noch in den Praxiskursgeb\u00fchren sind Pr\u00fcfungsgeb\u00fchren oder Lehrmaterial enthalten. Eine Ausbildung auf dem Wasser ist in den Theoriekursen nicht eingeschlossen.<\/p>\n<p>3. Unterbricht der Theoriekursteilnehmer den Kurs oder wird die Theoriepr\u00fcfung nach unserer Anmeldung zur Theoriepr\u00fcfung nicht bestanden, kann der Theoriekurs kostenfrei innerhalb eines Jahres wiederholt werden. Umbuchungen f\u00fcr die gleiche Kursart sind kostenfrei m\u00f6glich. Erm\u00e4\u00dfigte Preise f\u00fcr die Kombination mehrerer Kurse gelten nur innerhalb von 12 Monaten (Sportboot-F\u00fchrerschein See und SKS-Schein 48 Monaten) und wenn der Kursteilnehmer die Quittung des jeweils anderen Kurses vorlegt.<\/p>\n<p>4. Die Teilnehmer an praktischen Segelkursen versichern mit ihrer Unterschrift auf der Anmeldung, dass Sie an keiner ansteckenden Krankheit leiden und 15 Minuten im tiefen Wasser schwimmen k\u00f6nnen.<\/p>\n<p>5. Die Praxisausbildung erfolgt auf eigene Gefahr des Sch\u00fclers. Dieser verzichtet ausdr\u00fccklich auf die Geltendmachung von Haftungsanspr\u00fcchen mit Ausnahme solcher, die auf vors\u00e4tzlichem oder grob fahrl\u00e4ssigem Verhalten beruhen. In jedem Fall ist die Haftung der Segelschule begrenzt auf die H\u00f6he des Kurspreises. Dies gilt auch, soweit eine Haftung der Segelschule f\u00fcr Segellehrer in Betracht kommt.<\/p>\n<p>6. Bei Kursausfall wegen h\u00f6herer Gewalt, Sturm oder Sturmvorwarnung ist die Segelschule zu keinem Ersatz verpflichtet.<\/p>\n<p>7. Zus\u00e4tzliche m\u00fcndliche Absprachen bed\u00fcrfen der schriftlichen Best\u00e4tigung durch die Segelschule.<\/p>\n<p>Stand: September 2010<\/p>\n","protected":false},"excerpt":{"rendered":"<p>Gesch\u00e4ftsbedingungen f\u00fcr Theorie- und Praxiskurse (mit Ausnahme von T\u00f6rns) Anmerkung: Diese Gesch\u00e4ftsbedingungen gelten sinngem\u00e4\u00df auch f\u00fcr das Internet. 1. Die Anmeldung zur Kursteilnahme erfolgt schriftlich. Sie wird mit dem Eingang bei der Segelschule Marx f\u00fcr den Anmeldenden verbindlich. Dieser erkennt mit der Anmeldung die Gesch\u00e4ftsbedingungen als verbindlich an. Er haftet zudem f\u00fcr die Einhaltung der [&hellip;]<\/p>\n","protected":false},"author":1,"featured_media":0,"parent":131,"menu_order":0,"comment_status":"closed","ping_status":"closed","template":"","meta":{"footnotes":""},"class_list":["post-46","page","type-page","status-publish","hentry"],"_links":{"self":[{"href":"https:\/\/www.segelschulemarx.de\/index.php\/wp-json\/wp\/v2\/pages\/46","targetHints":{"allow":["GET"]}}],"collection":[{"href":"https:\/\/www.segelschulemarx.de\/index.php\/wp-json\/wp\/v2\/pages"}],"about":[{"href":"https:\/\/www.segelschulemarx.de\/index.php\/wp-json\/wp\/v2\/types\/page"}],"author":[{"embeddable":true,"href":"https:\/\/www.segelschulemarx.de\/index.php\/wp-json\/wp\/v2\/users\/1"}],"replies":[{"embeddable":true,"href":"https:\/\/www.segelschulemarx.de\/index.php\/wp-json\/wp\/v2\/comments?post=46"}],"version-history":[{"count":0,"href":"https:\/\/www.segelschulemarx.de\/index.php\/wp-json\/wp\/v2\/pages\/46\/revisions"}],"up":[{"embeddable":true,"href":"https:\/\/www.segelschulemarx.de\/index.php\/wp-json\/wp\/v2\/pages\/131"}],"wp:attachment":[{"href":"https:\/\/www.segelschulemarx.de\/index.php\/wp-json\/wp\/v2\/media?parent=46"}],"curies":[{"name":"wp","href":"https:\/\/api.w.org\/{rel}","templated":true}]}}