{"id":52,"date":"2013-06-15T19:29:45","date_gmt":"2013-06-15T19:29:45","guid":{"rendered":"https:\/\/www.segelschulemarx.de\/?page_id=52"},"modified":"2025-10-30T08:18:07","modified_gmt":"2025-10-30T08:18:07","slug":"kontakt","status":"publish","type":"page","link":"https:\/\/www.segelschulemarx.de\/index.php\/kontakt\/","title":{"rendered":"Kontakt"},"content":{"rendered":"<h2>Impressum:<br \/>\nPflichtangaben nach \u00a7 5 TeleMedienGesetz (TMG)<\/h2>\n<p>Betreiber dieses Online-Angebotes und inhaltlich verantwortlich Klaus Marx<\/p>\n<h2>Anschrift<\/h2>\n<p>Segelschule<br \/>\nMotorbootschule<br \/>\nT\u00f6rns und Charter<br \/>\nFischerei<br \/>\nFerienwohnung<\/p>\n<p>Inhaber: Klaus und Michael Marx<\/p>\n<p>Seestrasse 17<br \/>\n86919 Utting<\/p>\n<p>Telefon: 08806 \/ 7704<br \/>\nMobiltelefon: <a href=\"tel:+4915225663949\">0152 \/ 256 639 49<\/a><\/p>\n<p>Fax: 08806 \/ 1760<br \/>\nE-Mail: <a title=\"mailto:Bootsverleih@me.com?subject=Bootsreservierung f\u00fcr\" href=\"mailto:segelschulemarx@gmail.com?subject=Bootsreservierung%20f%C3%BCr\">segelschulemarx@gmail.com<\/a><\/p>\n<p><strong> Bootsverleih<\/strong><em id=\"__mceDel\"><em id=\"__mceDel\">:<\/em><\/em><\/p>\n<p>Telefon: <a href=\"tel:+4915225663949\">0152 \/ 256 639 49<\/a><br \/>\nWhatsApp <a href=\"tel:+4915225663949\">0152 \/ 256 639 49<\/a><br \/>\nTelegram <a href=\"tel:+4915225663949\">0152 \/ 256 639 49<\/a><br \/>\nE-Mail: <a title=\"mailto:Bootsverleih@me.com?subject=Bootsreservierung f\u00fcr\" href=\"mailto:segelschulemarx@gmail.com?subject=Bootsreservierung%20f%C3%BCr\">segelschulemarx@gmail.com<\/a><\/p>\n<h2>Bankverbindung<\/h2>\n<p>Segelschule Klaus und Michael Marx<br \/>\nAmmersee Bank\/Utting<br \/>\nIBAN: DE34 7009 1600 0000 2209 14<br \/>\nBIC: GENODEF1DSS<br \/>\nUST-ID-Nr: 45891286706<\/p>\n<h2>Hinweis auf EU-Streitschlichtung<\/h2>\n<p>Die Europ\u00e4ische Kommission stellt eine Plattform zur Online-Streitbeilegung (OS) bereit: http:\/\/ec.europa.eu\/consumers\/odr<br \/>\nUnsere E-Mail-Adresse finden sie oben im Impressum.<br \/>\nWir sind nicht bereit oder verpflichtet, an Streitbeilegungsverfahren vor einer Verbraucherschlichtungsstelle teilzunehmen.<\/p>\n<h2>Prospekt<\/h2>\n<p>Falls Sie unser kostenloses Prospekt bestellen m\u00f6chten, schicken Sie uns einfach eine <a href=\"mailto:info@segelschulemarx.de?subject=Prospekt Anforderung\">E-Mail<\/a> oder laden Sie sich es einfach unter der Sektion <a title=\"Download\" href=\"https:\/\/www.segelschulemarx.de\/index.php\/download\/\">Download<\/a> runter.<\/p>\n<h2>Wegbeschreibung nach Utting<\/h2>\n<p>Und wie Sie die Segelschule mit dem Auto finden, k\u00f6nnen Sie auf der Seite zu <a title=\"So kommen Sie zu uns\" href=\"https:\/\/www.segelschulemarx.de\/index.php\/so-kommen-sie-zu-uns\/\">Utting<\/a> nachlesen.<\/p>\n<p>Quellennachweise<\/p>\n<p>Fotos, Buttons und Grafiken:<br \/>\nDie in dieser Internetpr\u00e4senz und in den zum Download angebotenen Informationsbrosch\u00fcren verwendeten Fotos, Buttons und Grafiken unterliegen dem Urheberrecht der jeweiligen Fotografen und Grafikern bzw. deren Repr\u00e4sentanten.<\/p>\n<p>Haftungsausschluss (Disclaimer)<\/p>\n<p>Haftung f\u00fcr Inhalte<\/p>\n<p>Als Diensteanbieter sind wir gem\u00e4\u00df \u00a7 7 Abs.1 TMG f\u00fcr eigene Inhalte auf diesen Seiten nach den allgemeinen Gesetzen verantwortlich. Nach \u00a7\u00a7 8 bis 10 TMG sind wir als Diensteanbieter jedoch nicht verpflichtet, \u00fcbermittelte oder gespeicherte fremde Informationen zu \u00fcberwachen oder nach Umst\u00e4nden zu forschen, die auf eine rechtswidrige T\u00e4tigkeit hinweisen. Verpflichtungen zur Entfernung oder Sperrung der Nutzung von Informationen nach den allgemeinen Gesetzen bleiben hiervon unber\u00fchrt. Eine diesbez\u00fcgliche Haftung ist jedoch erst ab dem Zeitpunkt der Kenntnis einer konkreten Rechtsverletzung m\u00f6glich. Bei Bekanntwerden von entsprechenden Rechtsverletzungen werden wir diese Inhalte umgehend entfernen.<\/p>\n<p>Haftung f\u00fcr Links<\/p>\n<p>Unser Angebot enth\u00e4lt Links zu externen Webseiten Dritter, auf deren Inhalte wir keinen Einfluss haben. Deshalb k\u00f6nnen wir f\u00fcr diese fremden Inhalte auch keine Gew\u00e4hr \u00fcbernehmen. F\u00fcr die Inhalte der verlinkten Seiten ist stets der jeweilige Anbieter oder Betreiber der Seiten verantwortlich. Die verlinkten Seiten wurden zum Zeitpunkt der Verlinkung auf m\u00f6gliche Rechtsverst\u00f6\u00dfe \u00fcberpr\u00fcft. Rechtswidrige Inhalte waren zum Zeitpunkt der Verlinkung nicht erkennbar. Eine permanente inhaltliche Kontrolle der verlinkten Seiten ist jedoch ohne konkrete Anhaltspunkte einer Rechtsverletzung nicht zumutbar. Bei Bekanntwerden von Rechtsverletzungen werden wir derartige Links umgehend entfernen.<\/p>\n<p>Urheberrecht<\/p>\n<p>Die durch die Seitenbetreiber erstellten Inhalte und Werke auf diesen Seiten unterliegen dem deutschen Urheberrecht. Die Vervielf\u00e4ltigung, Bearbeitung, Verbreitung und jede Art der Verwertung au\u00dferhalb der Grenzen des Urheberrechtes bed\u00fcrfen der schriftlichen Zustimmung des jeweiligen Autors bzw. Erstellers. Downloads und Kopien dieser Seite sind nur f\u00fcr den privaten, nicht kommerziellen Gebrauch gestattet. Soweit die Inhalte auf dieser Seite nicht vom Betreiber erstellt wurden, werden die Urheberrechte Dritter beachtet. Insbesondere werden Inhalte Dritter als solche gekennzeichnet. Sollten Sie trotzdem auf eine Urheberrechtsverletzung aufmerksam werden, bitten wir um einen entsprechenden Hinweis. Bei Bekanntwerden von Rechtsverletzungen werden wir derartige Inhalte umgehend entfernen.<\/p>\n<p><a href=\"https:\/\/www.segelschulemarx.de\/index.php\/datenschutz\">Link zum Datenschutz<\/a><\/p>\n","protected":false},"excerpt":{"rendered":"<p>Impressum: Pflichtangaben nach \u00a7 5 TeleMedienGesetz (TMG) Betreiber dieses Online-Angebotes und inhaltlich verantwortlich Klaus Marx Anschrift Segelschule Motorbootschule T\u00f6rns und Charter Fischerei Ferienwohnung Inhaber: Klaus und Michael Marx Seestrasse 17 86919 Utting Telefon: 08806 \/ 7704 Mobiltelefon: 0152 \/ 256 639 49 Fax: 08806 \/ 1760 E-Mail: segelschulemarx@gmail.com Bootsverleih: Telefon: 0152 \/ 256 639 49 [&hellip;]<\/p>\n","protected":false},"author":1,"featured_media":0,"parent":0,"menu_order":17,"comment_status":"closed","ping_status":"closed","template":"","meta":{"footnotes":""},"class_list":["post-52","page","type-page","status-publish","hentry"],"_links":{"self":[{"href":"https:\/\/www.segelschulemarx.de\/index.php\/wp-json\/wp\/v2\/pages\/52","targetHints":{"allow":["GET"]}}],"collection":[{"href":"https:\/\/www.segelschulemarx.de\/index.php\/wp-json\/wp\/v2\/pages"}],"about":[{"href":"https:\/\/www.segelschulemarx.de\/index.php\/wp-json\/wp\/v2\/types\/page"}],"author":[{"embeddable":true,"href":"https:\/\/www.segelschulemarx.de\/index.php\/wp-json\/wp\/v2\/users\/1"}],"replies":[{"embeddable":true,"href":"https:\/\/www.segelschulemarx.de\/index.php\/wp-json\/wp\/v2\/comments?post=52"}],"version-history":[{"count":0,"href":"https:\/\/www.segelschulemarx.de\/index.php\/wp-json\/wp\/v2\/pages\/52\/revisions"}],"wp:attachment":[{"href":"https:\/\/www.segelschulemarx.de\/index.php\/wp-json\/wp\/v2\/media?parent=52"}],"curies":[{"name":"wp","href":"https:\/\/api.w.org\/{rel}","templated":true}]}}