{"id":58,"date":"2013-06-15T19:31:06","date_gmt":"2013-06-15T19:31:06","guid":{"rendered":"https:\/\/www.segelschulemarx.de\/?page_id=58"},"modified":"2026-03-02T07:50:34","modified_gmt":"2026-03-02T07:50:34","slug":"willkommen","status":"publish","type":"page","link":"https:\/\/www.segelschulemarx.de\/","title":{"rendered":"Willkommen zum Segeln am Ammersee"},"content":{"rendered":"\n<p><strong><mark style=\"background-color:rgba(0, 0, 0, 0)\" class=\"has-inline-color has-vivid-red-color\">KURSTERMINE 2026 SIND ONLINE<\/mark><\/strong><\/p>\n\n\n\n<p><\/p>\n\n\n<p><img loading=\"lazy\" decoding=\"async\" class=\" wp-image-341 alignright\" src=\"https:\/\/www.segelschulemarx.de\/wp-content\/uploads\/2013\/06\/Titel-199x300.jpg\" alt=\"Titel\" width=\"250\" height=\"375\" srcset=\"https:\/\/www.segelschulemarx.de\/wp-content\/uploads\/2013\/06\/Titel-199x300.jpg 199w, https:\/\/www.segelschulemarx.de\/wp-content\/uploads\/2013\/06\/Titel-682x1024.jpg 682w, https:\/\/www.segelschulemarx.de\/wp-content\/uploads\/2013\/06\/Titel-624x936.jpg 624w, https:\/\/www.segelschulemarx.de\/wp-content\/uploads\/2013\/06\/Titel.jpg 757w\" sizes=\"auto, (max-width: 250px) 100vw, 250px\" \/><span style=\"display: inline-block;\">Von der Kahnpartie<\/span> bis zum Karibikt\u00f6rn, vom Einsteiger-Segelkurs bis zum Hochseeschein &#8211; f\u00fcr das alles haben Sie einen Ansprechpartner, wenn Sie unser Ausbildungszentrum in Utting zu Ihrer seglerischen Heimat machen. Gerade darin wollen wir uns von vielen Mitbewerbern unterscheiden: nicht einzelne Kurse anzubieten, wo dann oft schon die Praxis zur gerade abgeschlossenen Theorie fehlt, sondern alle Bestandteile einer vollst\u00e4ndigen Ausbildung.<\/p>\n<p>Obwohl bei uns, gewohnheitsm\u00e4\u00dfig, die &#8222;Segelschule&#8220; oft oben ansteht, spielt auch die solide Motorboot-Ausbildung eine gro\u00dfe Rolle. Auch die meisten Segelscheine werden ja erst durch den Motor-Teil zum echten F\u00fchrerschein. Gerade hier sollten Sie darauf achten, wie und wo die Praxis gelehrt wird: nur wenige k\u00f6nnen Ihnen, wie wir, die Ausbildung mit dem schuleigenen Motorboot am schuleigenen Steg bieten.<\/p>\n<p>Viel Vergn\u00fcgen bei der Auswahl Ihrer Freizeitaktivit\u00e4ten unter der \u00dcberschrift<br \/>Lernen Mit Spass<\/p>\n<div id=\"attachment_845\" style=\"width: 81px\" class=\"wp-caption alignleft\"><a href=\"https:\/\/www.segelschulemarx.de\/wp-content\/uploads\/2026\/02\/Wassersport-Klaus-und-Michael-Marx-2026.pdf\"><img loading=\"lazy\" decoding=\"async\" aria-describedby=\"caption-attachment-845\" class=\"wp-image-491 size-full\" src=\"https:\/\/www.segelschulemarx.de\/wp-content\/uploads\/2025\/12\/MarxProspekt2026_Icon150.jpg\" alt=\"Segelschule Marx Prospekt 2025\" width=\"71\" height=\"150\" \/><\/a><p id=\"caption-attachment-845\" class=\"wp-caption-text\">Unser komplettes Angebot<\/p><\/div>\n<p><!--p>[caption id=\"attachment_491\" align=\"alignleft\" width=\"106\"]<a href=\"https:\/\/www.segelschulemarx.de\/wp-content\/uploads\/2025\/01\/Brief2025.pdf\"><img loading=\"lazy\" decoding=\"async\" class=\"wp-image-491 size-full\" src=\"https:\/\/www.segelschulemarx.de\/wp-content\/uploads\/2025\/01\/MarxBrief2025_Icon150.jpg\" alt=\"Brief 2025\" width=\"106\" height=\"150\"><\/a> Brief 2025[\/caption]<\/p--><\/p>\n<div id=\"attachment_767\" style=\"width: 116px\" class=\"wp-caption alignleft\"><a href=\"https:\/\/www.segelschulemarx.de\/wp-content\/uploads\/2021\/07\/AmmerseeFischer2021b1.pdf\"><img loading=\"lazy\" decoding=\"async\" aria-describedby=\"caption-attachment-767\" class=\"wp-image-767 size-full\" src=\"https:\/\/www.segelschulemarx.de\/wp-content\/uploads\/2021\/07\/Ammersee-Fischer.png\" alt=\"Ammersee Fischer\" width=\"106\" height=\"150\" \/><\/a><p id=\"caption-attachment-767\" class=\"wp-caption-text\">Ammersee Fischer<\/p><\/div>","protected":false},"excerpt":{"rendered":"<p>KURSTERMINE 2026 SIND ONLINE Von der Kahnpartie bis zum Karibikt\u00f6rn, vom Einsteiger-Segelkurs bis zum Hochseeschein &#8211; f\u00fcr das alles haben Sie einen Ansprechpartner, wenn Sie unser Ausbildungszentrum in Utting zu Ihrer seglerischen Heimat machen. Gerade darin wollen wir uns von vielen Mitbewerbern unterscheiden: nicht einzelne Kurse anzubieten, wo dann oft schon die Praxis zur gerade [&hellip;]<\/p>\n","protected":false},"author":1,"featured_media":0,"parent":0,"menu_order":0,"comment_status":"closed","ping_status":"closed","template":"","meta":{"footnotes":""},"class_list":["post-58","page","type-page","status-publish","hentry"],"_links":{"self":[{"href":"https:\/\/www.segelschulemarx.de\/index.php\/wp-json\/wp\/v2\/pages\/58","targetHints":{"allow":["GET"]}}],"collection":[{"href":"https:\/\/www.segelschulemarx.de\/index.php\/wp-json\/wp\/v2\/pages"}],"about":[{"href":"https:\/\/www.segelschulemarx.de\/index.php\/wp-json\/wp\/v2\/types\/page"}],"author":[{"embeddable":true,"href":"https:\/\/www.segelschulemarx.de\/index.php\/wp-json\/wp\/v2\/users\/1"}],"replies":[{"embeddable":true,"href":"https:\/\/www.segelschulemarx.de\/index.php\/wp-json\/wp\/v2\/comments?post=58"}],"version-history":[{"count":0,"href":"https:\/\/www.segelschulemarx.de\/index.php\/wp-json\/wp\/v2\/pages\/58\/revisions"}],"wp:attachment":[{"href":"https:\/\/www.segelschulemarx.de\/index.php\/wp-json\/wp\/v2\/media?parent=58"}],"curies":[{"name":"wp","href":"https:\/\/api.w.org\/{rel}","templated":true}]}}