{"id":926,"date":"2024-01-10T19:17:06","date_gmt":"2024-01-10T19:17:06","guid":{"rendered":"https:\/\/www.segelschulemarx.de\/?page_id=926"},"modified":"2025-02-06T08:53:31","modified_gmt":"2025-02-06T08:53:31","slug":"spartipp","status":"publish","type":"page","link":"https:\/\/www.segelschulemarx.de\/index.php\/spartipp\/","title":{"rendered":"Spartipp"},"content":{"rendered":"<h2><span style=\"color: #ff0000;\">Sparen im Paket<\/span><\/h2>\n<p>Bei vielen unserer Kurse ist eine Kombination mit oder Erg\u00e4nzung durch einen (oder mehrere) anderen Kurs sinnvoll. Das unterst\u00fctzen wir gerne mit g\u00fcnstigeren Kombipreisen f\u00fcr die Sparf\u00fcchse unter unseren Kunden.<\/p>\n<p>Die Angebote gelten jeweils bei Buchung und Bezahlung im ersten dazu geh\u00f6renden Kurs.<\/p>\n<p><span style=\"color: #ff0000;\"><strong>Segel-Theorie und -Praxis<\/strong><\/span><\/p>\n<p>F\u00fcr den Binnen-Sportbootschein brauchen Segler die Ausbildung in Theorie und Praxis.<\/p>\n<p>Da wir f\u00fcr die Praxis auf jeden Fall zwei Kurse, egal ob Wochen- oder Wochenendkurs, empfehlen, haben wir diese mit der Theorie zu einem Paket zusammengefasst.<\/p>\n<p><span style=\"color: #339966;\"><strong>Komplettpreis<\/strong><\/span>: 850,- \u20ac (enth\u00e4lt Theorie und Segelpraxis 2 Wochenkurse + Praxis Motorbootausbildung)<br \/>\nPreis ohne Motorteil 760,-\u20ac<\/p>\n<p><strong><span style=\"color: #339966;\">Ersparnis 130,-\u20ac<\/span><\/strong><\/p>\n<p><u>(<a href=\"https:\/\/www.segelschulemarx.de\/index.php\/segelscheinkurs\/segelschein-binnen-theorie\/\">Binnen-Theorie<\/a><\/u> und <u><a href=\"https:\/\/www.segelschulemarx.de\/index.php\/segelscheinkurs\/segelschein-binnen-praxis\/\">Binnen Praxis<\/a>)<\/u><\/p>\n<p><span style=\"color: #ff0000;\"><strong>Motorboot Binnen und K\u00fcste<\/strong><\/span><\/p>\n<p>Viele Motorbootfahrer m\u00f6chten sp\u00e4ter sowohl auf den Binnenwasserstra\u00dfen als auch auf K\u00fcstengew\u00e4ssern mit dem Boot unterwegs sein. Da macht es Sinn, gleich beide Scheine zu erwerben. Auch diese Kombination unterst\u00fctzen wir mit einem g\u00fcnstigen Kombipreis.<\/p>\n<p><b><span style=\"color: #339966;\">Kombipreis<\/span>: <\/b>330,-\u20ac (Theorie Sportboot-FS See (K\u00fcste) und Binnen (Motor))<\/p>\n<p><strong><span style=\"color: #339966;\">Ersparnis 50,-\u20ac<\/span><\/strong><\/p>\n<p><u>(<a href=\"https:\/\/www.segelschulemarx.de\/index.php\/motorbootscheinkurs\/motorbootschein-binnen\/\">Theorie SBF Binnen<\/a><\/u> und <u><a href=\"https:\/\/www.segelschulemarx.de\/index.php\/motorbootscheinkurs\/motorbootschein-see\/\">Theorie SBF K\u00fcste<\/a>)<\/u><\/p>\n<p><span style=\"color: #ff0000;\"><strong>Motorboot K\u00fcste und Seefunk<\/strong><\/span><\/p>\n<p>Wer auf K\u00fcstengew\u00e4ssern mit einer Yacht unterwegs ist, wird immer auch ein SRC-Seefunkzeugnis brauchen. In Kroatien und Deutschland ist es sogar vorgeschrieben, dass der Schiffsf\u00fchrer selbst auch Funkzeugnisinhaber ist.<\/p>\n<p><span style=\"color: #339966;\"><strong>Kombipreis<\/strong><\/span>: 425,-\u20ac (Sportbootschein K\u00fcste und Seefunk K\u00fcste (SRC))<\/p>\n<p><strong><span style=\"color: #339966;\">Ersparnis 75,-\u20ac<\/span><\/strong><\/p>\n<p>Also: Zeitnah beide erwerben und dabei sparen!<\/p>\n<p><u>(<a href=\"https:\/\/www.segelschulemarx.de\/index.php\/motorbootscheinkurs\/motorbootschein-see\/\">Theorie SBF K\u00fcste<\/a><\/u>\u00a0und <u><a href=\"https:\/\/www.segelschulemarx.de\/index.php\/funk\/\">SRC Seefunkzeugnis<\/a>)<\/u><\/p>\n<p><span style=\"color: #ff0000;\"><strong>F\u00fcnfer- und Zehnerkarten im Bootsverleih<\/strong><\/span><\/p>\n<p>Schlie\u00dflich geht man ja nicht nur einmal segeln, oder? Also warum nicht mit einer F\u00fcnfer- oder Zehnerkarte f\u00fcr unsere Segelboote bares Geld sparen?<\/p>\n<p>&#8211; **<span style=\"color: #008000;\"><strong>F\u00fcnferkarte<\/strong><\/span>:** 5 ganze Wochentage (Mo-Fr) f\u00fcr 500,- \u20ac \u2013 <span style=\"color: #008000;\"><strong>Ersparnis: 50,- \u20ac<\/strong><\/span><br \/>\n&#8211; <strong><span style=\"color: #008000;\">**Zehnerkarte:<\/span><\/strong>** 10 ganze Wochentage (Mo-Fr) f\u00fcr 900,- \u20ac <span style=\"color: #008000;\"><strong>\u2013 Ersparnis: 200,- \u20ac<\/strong><\/span><br \/>\nMit diesen Karten k\u00f6nnen Sie nicht nur flexibel segeln, sondern auch deutlich sparen! &#x1f6a4;&#x26f5;<\/p>\n<p><u>(<a href=\"https:\/\/www.segelschulemarx.de\/index.php\/bootsverleih\/\">Bootsverleih<\/a>)<\/u><\/p>\n","protected":false},"excerpt":{"rendered":"<p>Sparen im Paket Bei vielen unserer Kurse ist eine Kombination mit oder Erg\u00e4nzung durch einen (oder mehrere) anderen Kurs sinnvoll. Das unterst\u00fctzen wir gerne mit g\u00fcnstigeren Kombipreisen f\u00fcr die Sparf\u00fcchse unter unseren Kunden. Die Angebote gelten jeweils bei Buchung und Bezahlung im ersten dazu geh\u00f6renden Kurs. Segel-Theorie und -Praxis F\u00fcr den Binnen-Sportbootschein brauchen Segler die [&hellip;]<\/p>\n","protected":false},"author":2,"featured_media":0,"parent":0,"menu_order":0,"comment_status":"closed","ping_status":"closed","template":"","meta":{"footnotes":""},"class_list":["post-926","page","type-page","status-publish","hentry"],"_links":{"self":[{"href":"https:\/\/www.segelschulemarx.de\/index.php\/wp-json\/wp\/v2\/pages\/926","targetHints":{"allow":["GET"]}}],"collection":[{"href":"https:\/\/www.segelschulemarx.de\/index.php\/wp-json\/wp\/v2\/pages"}],"about":[{"href":"https:\/\/www.segelschulemarx.de\/index.php\/wp-json\/wp\/v2\/types\/page"}],"author":[{"embeddable":true,"href":"https:\/\/www.segelschulemarx.de\/index.php\/wp-json\/wp\/v2\/users\/2"}],"replies":[{"embeddable":true,"href":"https:\/\/www.segelschulemarx.de\/index.php\/wp-json\/wp\/v2\/comments?post=926"}],"version-history":[{"count":0,"href":"https:\/\/www.segelschulemarx.de\/index.php\/wp-json\/wp\/v2\/pages\/926\/revisions"}],"wp:attachment":[{"href":"https:\/\/www.segelschulemarx.de\/index.php\/wp-json\/wp\/v2\/media?parent=926"}],"curies":[{"name":"wp","href":"https:\/\/api.w.org\/{rel}","templated":true}]}}